{"id":7,"date":"2024-11-26T06:38:28","date_gmt":"2024-11-26T06:38:28","guid":{"rendered":"https:\/\/plinkogame.vip\/fr\/?page_id=7"},"modified":"2024-12-01T23:27:00","modified_gmt":"2024-12-01T23:27:00","slug":"home","status":"publish","type":"page","link":"https:\/\/plinkogame.vip\/fr\/","title":{"rendered":"Home"},"content":{"rendered":"\n<h1 class=\"wp-block-heading has-custom-color-3-color has-text-color has-link-color wp-elements-ed3f4e37780cb253ab83dcf3a661e68a\">Jeu Plinko<\/h1>\n\n\n\n<p class=\"has-custom-color-3-color has-text-color has-link-color wp-elements-0b7b5258579c36efce195fb3812745b7\">Plinko a commenc\u00e9 comme un jeu dans une \u00e9mission de t\u00e9l\u00e9vision et est devenu quelque chose de plus qu&rsquo;un simple divertissement. Il a conquis le c\u0153ur des t\u00e9l\u00e9spectateurs et a ensuite trouv\u00e9 sa place dans les jeux de hasard en ligne et les casinos cryptographiques, cr\u00e9ant une toute nouvelle fa\u00e7on de jouer et de profiter des jeux. Plinko est l&rsquo;un des jeux les plus populaires dans les casinos en ligne. Les joueurs adorent le jeu Plinko parce qu&rsquo;il est simple et amusant. Aujourd&rsquo;hui, il existe de nombreuses versions de Plinko sur diff\u00e9rentes plateformes, chacune avec quelque chose d&rsquo;unique pour la garder passionnante.&nbsp;<\/p>\n\n\n\n<p class=\"has-custom-color-3-color has-text-color has-link-color wp-elements-23cdb3d87e1e7d3611ebb537f5a3b17d\">Que vous soyez un expert du jeu ou que vous d\u00e9butiez, Plinko est facile \u00e0 jouer et \u00e0 appr\u00e9cier. Ce guide vous aidera \u00e0 d\u00e9marrer. Vous apprendrez comment fonctionne Plinko, comment d\u00e9finir de petits objectifs pour vos jeux et comment tirer le meilleur parti de votre temps de jeu. Il s&rsquo;agit de s&rsquo;amuser tout en gardant les choses simples et intelligentes. Plinko est un jeu que tout le monde peut essayer. Vous l\u00e2chez la balle et voyez o\u00f9 elle atterrit &#8211; c&rsquo;est facile ! Essayez-le et d\u00e9couvrez pourquoi tant de personnes aiment Plinko !<\/p>\n\n\n\n<p><\/p>\n\n\n\n<div class=\"wp-block-group top-casino-item has-background is-content-justification-space-between is-nowrap is-layout-flex wp-container-core-group-is-layout-1 wp-block-group-is-layout-flex\" style=\"border-radius:10px;background-color:#1f314d;box-shadow:6px 6px 9px rgba(0, 0, 0, 0.2)\">\n<figure class=\"wp-block-image aligncenter size-full is-resized is-style-default wp-duotone-unset-1\"><img loading=\"lazy\" decoding=\"async\" width=\"250\" height=\"56\" src=\"https:\/\/plinkogame.vip\/fr\/wp-content\/uploads\/sites\/3\/2024\/11\/1xbet-logo.webp\" alt=\"\" class=\"wp-image-43\" style=\"width:100px\"\/><\/figure>\n\n\n\n<p class=\"has-text-align-center\"><strong>1xBet<\/strong><\/p>\n\n\n\n<p class=\"has-text-align-center has-luminous-vivid-amber-color has-text-color has-link-color has-medium-font-size wp-elements-4d8f1955f6ddcec7d9c1d86d7780d8e2\"><strong>100 % jusqu\u2019\u00e0 200\u20ac<\/strong><\/p>\n\n\n\n<div class=\"wp-block-buttons is-content-justification-center is-layout-flex wp-container-core-buttons-is-layout-1 wp-block-buttons-is-layout-flex\">\n<div class=\"wp-block-button has-custom-font-size\" style=\"font-size:clamp(14px, 0.875rem + ((1vw - 3.2px) * 0.227), 16px);\"><a class=\"wp-block-button__link has-vivid-red-background-color has-background wp-element-button\" style=\"border-radius:5px\"><strong>OBTENIR UN BONUS<\/strong><\/a><\/div>\n<\/div>\n<\/div>\n\n\n\n<div class=\"wp-block-group top-casino-item has-background is-content-justification-space-between is-nowrap is-layout-flex wp-container-core-group-is-layout-2 wp-block-group-is-layout-flex\" style=\"border-radius:10px;background-color:#1f314d;box-shadow:6px 6px 9px rgba(0, 0, 0, 0.2)\">\n<figure class=\"wp-block-image aligncenter size-full is-resized is-style-default wp-duotone-unset-2\"><img loading=\"lazy\" decoding=\"async\" width=\"250\" height=\"56\" src=\"https:\/\/plinkogame.vip\/fr\/wp-content\/uploads\/sites\/3\/2024\/11\/mostbet-logo-1.webp\" alt=\"\" class=\"wp-image-48\" style=\"width:100px\"\/><\/figure>\n\n\n\n<p class=\"has-text-align-center\"><strong>Mostbet<\/strong><\/p>\n\n\n\n<p class=\"has-text-align-center has-luminous-vivid-amber-color has-text-color has-link-color has-medium-font-size wp-elements-b12df51fa2de290a378d53971dc6ee05\"><strong>125 % jusqu\u2019\u00e0 400\u20ac + 250 TG<\/strong><\/p>\n\n\n\n<div class=\"wp-block-buttons is-content-justification-center is-layout-flex wp-container-core-buttons-is-layout-2 wp-block-buttons-is-layout-flex\">\n<div class=\"wp-block-button has-custom-font-size\" style=\"font-size:clamp(14px, 0.875rem + ((1vw - 3.2px) * 0.227), 16px);\"><a class=\"wp-block-button__link has-vivid-red-background-color has-background wp-element-button\" style=\"border-radius:5px\"><strong>OBTENIR UN BONUS<\/strong><\/a><\/div>\n<\/div>\n<\/div>\n\n\n\n<div class=\"wp-block-group top-casino-item has-background is-content-justification-space-between is-nowrap is-layout-flex wp-container-core-group-is-layout-3 wp-block-group-is-layout-flex\" style=\"border-radius:10px;background-color:#1f314d;box-shadow:6px 6px 9px rgba(0, 0, 0, 0.2)\">\n<figure class=\"wp-block-image aligncenter size-full is-resized is-style-default wp-duotone-unset-3\"><img loading=\"lazy\" decoding=\"async\" width=\"164\" height=\"56\" src=\"https:\/\/plinkogame.vip\/fr\/wp-content\/uploads\/sites\/3\/2024\/11\/Parimatch-logo.webp\" alt=\"\" class=\"wp-image-49\" style=\"width:100px\"\/><\/figure>\n\n\n\n<p class=\"has-text-align-center\"><strong>Parimatch<\/strong><\/p>\n\n\n\n<p class=\"has-text-align-center has-luminous-vivid-amber-color has-text-color has-link-color has-medium-font-size wp-elements-36c77350d871de3b2400e2e3022a60c8\"><strong>100 % jusqu\u2019\u00e0 25\u20ac<\/strong><\/p>\n\n\n\n<div class=\"wp-block-buttons is-content-justification-center is-layout-flex wp-container-core-buttons-is-layout-3 wp-block-buttons-is-layout-flex\">\n<div class=\"wp-block-button has-custom-font-size\" style=\"font-size:clamp(14px, 0.875rem + ((1vw - 3.2px) * 0.227), 16px);\"><a class=\"wp-block-button__link has-vivid-red-background-color has-background wp-element-button\" style=\"border-radius:5px\"><strong>OBTENIR UN BONUS<\/strong><\/a><\/div>\n<\/div>\n<\/div>\n\n\n\n<p><\/p>\n\n\n\n<h2 class=\"wp-block-heading\">Qu&rsquo;est-ce que Plinko Jeu?<\/h2>\n\n\n\n<p>Plinko est un jeu simple et amusant dans lequel les joueurs laissent tomber une petite balle ou un disque du haut d&rsquo;un plateau \u00e0 piquets. Lorsque la balle rebondit sur les piquets, elle atterrit au hasard dans l&rsquo;une des fentes du bas, chacune marqu\u00e9e d&rsquo;un prix, de points ou d&rsquo;un multiplicateur. Popularis\u00e9 \u00e0 l&rsquo;origine dans les jeux t\u00e9l\u00e9vis\u00e9s, Plinko online est depuis devenu un favori dans les casinos en ligne et les plateformes de jeu, proposant souvent des rebondissements uniques comme des cotes ajustables ou l&rsquo;int\u00e9gration de crypto-monnaies. Il est appr\u00e9ci\u00e9 pour son gameplay facile \u00e0 comprendre, son impr\u00e9visibilit\u00e9 passionnante et le frisson de voir o\u00f9 la balle va atterrir !<\/p>\n\n\n\n<h2 class=\"wp-block-heading\">Meilleurs Casinos en Ligne Plinko<\/h2>\n\n\n\n<p>Plinko est devenu un favori parmi les amateurs de casino en ligne, offrant un gameplay simple mais engageant. Les joueurs font tomber une balle sur un plateau perfor\u00e9, sa position finale d\u00e9terminant le prix. Cet \u00e9l\u00e9ment de hasard ajoute \u00e0 l\u2019excitation, ce qui en fait un incontournable dans de nombreux casinos en ligne.<\/p>\n\n\n\n<p>Pour ceux qui souhaitent jouer \u00e0 Plinko en ligne, plusieurs casinos r\u00e9put\u00e9s proposent ce jeu:<\/p>\n\n\n\n<ul class=\"wp-block-list\">\n<li><strong>TG.Casino<\/strong><strong><br><\/strong>TG.Casino propose une version unique de Plinko d\u00e9velopp\u00e9e par Jim AI Studios. Les joueurs peuvent d\u00e9finir des limites et des lignes de paris, am\u00e9liorant ainsi l&rsquo;exp\u00e9rience de jeu. La plateforme propose \u00e9galement un bonus de casino de 200 % jusqu&rsquo;\u00e0 10 ETH pour les nouveaux joueurs.<\/li>\n\n\n\n<li><strong>ParierPanda<\/strong><strong><br><\/strong>BetPanda propose sept jeux Plinko diff\u00e9rents, dont des titres comme Plinko Dare2Win et Turbo Plinko. Les nouveaux joueurs peuvent b\u00e9n\u00e9ficier d&rsquo;un bonus de 100 % jusqu&rsquo;\u00e0 1 BTC et b\u00e9n\u00e9ficier d&rsquo;un cashback hebdomadaire de 10 %.<\/li>\n\n\n\n<li><strong>Bloc chanceux<br><\/strong>Lucky Block propose une vari\u00e9t\u00e9 de jeux Plinko et prend en charge plusieurs crypto-monnaies pour les d\u00e9p\u00f4ts et les retraits. Les nouveaux utilisateurs re\u00e7oivent un bonus de 200 % jusqu&rsquo;\u00e0 1 000 <strong>\u20ac<\/strong> plus 50 tours gratuits.<\/li>\n\n\n\n<li><strong>BC.Jeu<\/strong><strong><br><\/strong>BC.Game propose un jeu Plinko interne avec un RTP \u00e9lev\u00e9 de 99 %. La plateforme prend en charge plus de 150 crypto-monnaies et offre un bonus de bienvenue sur quatre d\u00e9p\u00f4ts.<\/li>\n\n\n\n<li><strong>M\u00e9ga d\u00e9s<\/strong><strong><br><\/strong>Mega Dice offre un bonus de 200 % jusqu&rsquo;\u00e0 1 BTC et 50 tours gratuits pour les nouveaux joueurs. Le casino est accessible via le Web et Telegram, offrant une exp\u00e9rience de jeu fluide.<\/li>\n\n\n\n<li><strong>1xBet<\/strong><strong><br><\/strong>1xBet est une plateforme bien connue qui pr\u00e9sente Plinko aux c\u00f4t\u00e9s d\u2019une vari\u00e9t\u00e9 d\u2019autres jeux de casino. Il prend en charge plusieurs options de paiement et offre des bonus g\u00e9n\u00e9reux aux nouveaux utilisateurs.<\/li>\n\n\n\n<li><strong>Pariez maintenant<\/strong><strong><br><\/strong>Mostbet offre une exp\u00e9rience Plinko passionnante avec des commandes faciles \u00e0 utiliser et des promotions attrayantes. Les nouveaux joueurs peuvent b\u00e9n\u00e9ficier d\u2019un bonus de bienvenue et profiter d\u2019une interface de jeu fluide.<\/li>\n\n\n\n<li><strong>Parimatch<\/strong><strong><br><\/strong>Parimatch inclut Plinko dans son portefeuille de jeux, s&rsquo;adressant aux joueurs aux budgets variables. Il offre des bonus et des promotions comp\u00e9titifs, ce qui en fait un choix populaire.<\/li>\n\n\n\n<li><strong>Pari en ligne<\/strong><strong><br><\/strong>Linebet propose Plinko avec des options personnalisables, permettant aux joueurs d&rsquo;ajuster leurs niveaux de risque et de r\u00e9compense. La plateforme prend en charge diverses m\u00e9thodes de paiement et offre un solide bonus de bienvenue.<\/li>\n<\/ul>\n\n\n\n<p>Lorsque vous choisissez un casino en ligne pour jouer \u00e0 Plinko, tenez compte de facteurs tels que la vari\u00e9t\u00e9 des jeux, les offres de bonus, la s\u00e9curit\u00e9 et les m\u00e9thodes de paiement. Jouez toujours de mani\u00e8re responsable et v\u00e9rifiez que le casino fonctionne sous une licence valide.<\/p>\n\n\n\n<h2 class=\"wp-block-heading\">Comment Jouer \u00e0 Plinko ?<\/h2>\n\n\n\n<p>Jouer \u00e0 Plinko avec de l&rsquo;argent r\u00e9el est facile \u00e0 d\u00e9marrer et amusant \u00e0 ma\u00eetriser. Voici comment proc\u00e9der&nbsp;:<\/p>\n\n\n\n<ol class=\"wp-block-list\">\n<li><strong>D\u00e9finissez votre pari&nbsp;:<\/strong> Choisissez votre mise par drop.<\/li>\n\n\n\n<li><strong>Personnalisez le tableau&nbsp;:<\/strong> Choisissez le nombre de broches et de lignes.<\/li>\n\n\n\n<li><strong>Ajuster le niveau de risque&nbsp;:<\/strong> Choisissez un risque qui correspond \u00e0 votre style : un risque plus \u00e9lev\u00e9, des r\u00e9compenses plus importantes.<\/li>\n\n\n\n<li><strong>L\u00e2chez la balle&nbsp;:<\/strong> Regardez-le rebondir sur le tableau.<\/li>\n\n\n\n<li><strong>Collectez les gains&nbsp;:<\/strong> Les prix sont ajout\u00e9s automatiquement lorsque la balle atterrit dans une machine \u00e0 sous gagnante.<\/li>\n<\/ol>\n\n\n\n<p>C&rsquo;est simple, excitant et c&rsquo;est une chance de gagner de l&rsquo;argent r\u00e9el&nbsp;!<\/p>\n\n\n\n<h2 class=\"wp-block-heading\">Comment Fonctionne Plinko ?<\/h2>\n\n\n\n<p>Plinko est un jeu passionnant qui allie simplicit\u00e9 et impr\u00e9visibilit\u00e9. L&rsquo;action se d\u00e9roule sur un plateau vertical rempli de piquets, de canaux et de fentes en bas. Les joueurs commencent par laisser tomber un disque ou une balle par le haut. Le disque rebondit sur les piquets en tombant, suivant un chemin al\u00e9atoire influenc\u00e9 par leur placement. Le but est que le disque atterrisse dans l\u2019un des emplacements du bas, chacun \u00e9tant attribu\u00e9 une valeur sp\u00e9cifique. Ces machines \u00e0 sous d\u00e9terminent les gains du joueur, faisant de chaque goutte un moment de suspense. La v\u00e9ritable excitation vient de l\u2019impr\u00e9visibilit\u00e9 de la position finale du disque, transformant chaque tour en une exp\u00e9rience passionnante et unique en son genre.<\/p>\n\n\n\n<h2 class=\"wp-block-heading\">Caract\u00e9ristiques du Jeu en Ligne Plinko<\/h2>\n\n\n\n<p>Plinko ne se contente pas de l\u00e2cher des balles et d&rsquo;esp\u00e9rer gagner ; c&rsquo;est un m\u00e9lange de jeu, de strat\u00e9gie et d&rsquo;innovation. Voici ce qui distingue ce jeu&nbsp;:<\/p>\n\n\n\n<h3 class=\"wp-block-heading\">Limites de paris<\/h3>\n\n\n\n<p>L&rsquo;une des fonctionnalit\u00e9s les plus int\u00e9ressantes de Plinko est la possibilit\u00e9 de d\u00e9finir vos propres limites de paris. Que vous soyez un joueur occasionnel ou un gros parieur, vous pouvez ajuster les mises en fonction de votre bankroll. De plus, vous pouvez modifier le plateau de jeu, en augmentant le nombre de piquets pour augmenter les gains potentiels ou exp\u00e9rimenter diff\u00e9rentes configurations pour optimiser vos chances.<\/p>\n\n\n\n<h3 class=\"wp-block-heading\">Justice \u00e9prouv\u00e9e<\/h3>\n\n\n\n<p>Plinko garantit l&rsquo;\u00e9quit\u00e9 gr\u00e2ce \u00e0 une technologie avanc\u00e9e. Les r\u00e9sultats sont d\u00e9termin\u00e9s par un g\u00e9n\u00e9rateur de nombres al\u00e9atoires, garantissant que chaque balle a une chance \u00e9gale d&rsquo;atterrir dans n&rsquo;importe quel emplacement. Le r\u00e9sultat est enti\u00e8rement al\u00e9atoire et n&rsquo;est pas affect\u00e9 par les actions du joueur.<\/p>\n\n\n\n<h3 class=\"wp-block-heading\">Mode automatique<\/h3>\n\n\n\n<p>Pour les joueurs qui pr\u00e9f\u00e8rent une exp\u00e9rience plus d\u00e9tendue, Plinko propose un mode automatique. D\u00e9finissez votre mise et le nombre de tours automatis\u00e9s, et regardez les boules tomber les unes apr\u00e8s les autres, se dirigeant vers les multiplicateurs gagnants, tout en augmentant votre solde sans intervention constante. Avec ces fonctionnalit\u00e9s, Plinko allie simplicit\u00e9, enthousiasme et \u00e9quit\u00e9, ce qui en fait un choix remarquable pour les joueurs de casino en ligne.<\/p>\n\n\n\n<h2 class=\"wp-block-heading\">Strat\u00e9gie de Jeu et Tactiques<\/h2>\n\n\n\n<p>Plinko est plus qu&rsquo;un simple jeu de hasard ; c&rsquo;est un m\u00e9lange de strat\u00e9gie et de divertissement qui offre aux joueurs intelligents la possibilit\u00e9 de maximiser leurs gains. Le succ\u00e8s chez Plinko commence par une gestion efficace de votre bankroll. D\u00e9cidez \u00e0 l\u2019avance de votre limite de d\u00e9penses et respectez-la, en vous assurant que le jeu reste une exp\u00e9rience agr\u00e9able sans risques inutiles.<\/p>\n\n\n\n<p>Profiter des bonus et promotions propos\u00e9s par les casinos en ligne peut \u00e9galement augmenter vos chances. Les bonus de d\u00e9p\u00f4t, les tours gratuits ou autres offres sp\u00e9ciales offrent des opportunit\u00e9s suppl\u00e9mentaires pour am\u00e9liorer votre jeu et prolonger vos sessions.<\/p>\n\n\n\n<p>Exp\u00e9rimenter des strat\u00e9gies et analyser les r\u00e9sultats est une autre cl\u00e9 pour am\u00e9liorer vos chances. Essayez diff\u00e9rentes approches, observez les r\u00e9sultats et affinez vos tactiques au fil du temps. De nombreuses plateformes proposent \u00e9galement des modes d\u00e9mo, parfaits pour s\u2019entra\u00eener sans risque financier. Utilisez cette fonctionnalit\u00e9 pour tester des strat\u00e9gies et renforcer votre confiance avant de jouer avec de l&rsquo;argent r\u00e9el.<\/p>\n\n\n\n<h2 class=\"wp-block-heading\">R\u00e9sum\u00e9<\/h2>\n\n\n\n<p>Plinko combine excitation, hasard et strat\u00e9gie, le rendant \u00e0 la fois amusant et impr\u00e9visible. La simplicit\u00e9 du jeu permet aux joueurs d&rsquo;adapter leur exp\u00e9rience, de jouer en toute s\u00e9curit\u00e9 ou de remporter de plus gros gains, selon leurs pr\u00e9f\u00e9rences. Avec le bon \u00e9tat d\u2019esprit, chaque s\u00e9ance peut \u00eatre agr\u00e9able et enrichissante. Il est important de fixer des limites et de jouer de mani\u00e8re responsable. Abordez le jeu avec une strat\u00e9gie claire, faites des pauses si n\u00e9cessaire et \u00e9vitez de courir apr\u00e8s les pertes. Plinko est cens\u00e9 \u00eatre amusant, il est donc essentiel de maintenir une perspective \u00e9quilibr\u00e9e.<\/p>\n\n\n\n<p>Si vous \u00eates pr\u00eat \u00e0 essayer Plinko, trouvez une plateforme r\u00e9put\u00e9e, inscrivez-vous et commencez \u00e0 jouer. Chaque goutte de jetons est impr\u00e9visible et n&rsquo;importe quel tour peut \u00eatre votre coup de chance. Rechercher \u00e0 l&rsquo;avance les plates-formes et les versions du jeu garantira une exp\u00e9rience de jeu plus fluide. Pendant que vous jouez, observez comment la conception du plateau affecte le mouvement de la balle. Comprendre ces dynamiques peut vous aider \u00e0 affiner votre strat\u00e9gie et \u00e0 am\u00e9liorer vos chances. Avec le temps et la pratique, vous ma\u00eetriserez le jeu et peut-\u00eatre m\u00eame remporterez des victoires convaincantes.<\/p>\n","protected":false},"excerpt":{"rendered":"<p>Jeu Plinko Plinko a commenc\u00e9 comme un jeu dans une \u00e9mission de t\u00e9l\u00e9vision et est devenu quelque chose de plus qu&rsquo;un simple divertissement. Il a conquis le c\u0153ur des t\u00e9l\u00e9spectateurs et a ensuite trouv\u00e9 sa place dans les jeux de hasard en ligne et les casinos cryptographiques, cr\u00e9ant une toute nouvelle fa\u00e7on de jouer et [&hellip;]<\/p>\n","protected":false},"author":1,"featured_media":0,"parent":0,"menu_order":0,"comment_status":"closed","ping_status":"closed","template":"","meta":{"footnotes":""},"class_list":["post-7","page","type-page","status-publish","hentry"],"yoast_head":"<!-- This site is optimized with the Yoast SEO plugin v24.1 - https:\/\/yoast.com\/wordpress\/plugins\/seo\/ -->\n<title>Jeu Plinko Jouez en Ligne Gratuit<\/title>\n<meta name=\"robots\" content=\"index, follow, max-snippet:-1, max-image-preview:large, max-video-preview:-1\" \/>\n<link rel=\"canonical\" href=\"https:\/\/plinkogame.vip\/fr\/\" \/>\n<meta property=\"og:locale\" content=\"fr_FR\" \/>\n<meta property=\"og:type\" content=\"article\" \/>\n<meta property=\"og:title\" content=\"Jeu Plinko Jouez en Ligne Gratuit\" \/>\n<meta property=\"og:description\" content=\"Jeu Plinko Plinko a commenc\u00e9 comme un jeu dans une \u00e9mission de t\u00e9l\u00e9vision et est devenu quelque chose de plus qu&rsquo;un simple divertissement. Il a conquis le c\u0153ur des t\u00e9l\u00e9spectateurs et a ensuite trouv\u00e9 sa place dans les jeux de hasard en ligne et les casinos cryptographiques, cr\u00e9ant une toute nouvelle fa\u00e7on de jouer et [&hellip;]\" \/>\n<meta property=\"og:url\" content=\"https:\/\/plinkogame.vip\/fr\/\" \/>\n<meta property=\"og:site_name\" content=\"FR\" \/>\n<meta property=\"article:modified_time\" content=\"2024-12-01T23:27:00+00:00\" \/>\n<meta property=\"og:image\" content=\"https:\/\/plinkogame.vip\/fr\/wp-content\/uploads\/sites\/3\/2024\/11\/1xbet-logo.webp\" \/>\n\t<meta property=\"og:image:width\" content=\"250\" \/>\n\t<meta property=\"og:image:height\" content=\"56\" \/>\n\t<meta property=\"og:image:type\" content=\"image\/webp\" \/>\n<meta name=\"twitter:card\" content=\"summary_large_image\" \/>\n<meta name=\"twitter:label1\" content=\"Dur\u00e9e de lecture estim\u00e9e\" \/>\n\t<meta name=\"twitter:data1\" content=\"8 minutes\" \/>\n<script type=\"application\/ld+json\" class=\"yoast-schema-graph\">{\"@context\":\"https:\/\/schema.org\",\"@graph\":[{\"@type\":\"WebPage\",\"@id\":\"https:\/\/plinkogame.vip\/fr\/\",\"url\":\"https:\/\/plinkogame.vip\/fr\/\",\"name\":\"Jeu Plinko Jouez en Ligne Gratuit\",\"isPartOf\":{\"@id\":\"https:\/\/plinkogame.vip\/fr\/#website\"},\"primaryImageOfPage\":{\"@id\":\"https:\/\/plinkogame.vip\/fr\/#primaryimage\"},\"image\":{\"@id\":\"https:\/\/plinkogame.vip\/fr\/#primaryimage\"},\"thumbnailUrl\":\"https:\/\/plinkogame.vip\/fr\/wp-content\/uploads\/sites\/3\/2024\/11\/1xbet-logo.webp\",\"datePublished\":\"2024-11-26T06:38:28+00:00\",\"dateModified\":\"2024-12-01T23:27:00+00:00\",\"breadcrumb\":{\"@id\":\"https:\/\/plinkogame.vip\/fr\/#breadcrumb\"},\"inLanguage\":\"fr-FR\",\"potentialAction\":[{\"@type\":\"ReadAction\",\"target\":[\"https:\/\/plinkogame.vip\/fr\/\"]}]},{\"@type\":\"ImageObject\",\"inLanguage\":\"fr-FR\",\"@id\":\"https:\/\/plinkogame.vip\/fr\/#primaryimage\",\"url\":\"https:\/\/plinkogame.vip\/fr\/wp-content\/uploads\/sites\/3\/2024\/11\/1xbet-logo.webp\",\"contentUrl\":\"https:\/\/plinkogame.vip\/fr\/wp-content\/uploads\/sites\/3\/2024\/11\/1xbet-logo.webp\",\"width\":250,\"height\":56},{\"@type\":\"BreadcrumbList\",\"@id\":\"https:\/\/plinkogame.vip\/fr\/#breadcrumb\",\"itemListElement\":[{\"@type\":\"ListItem\",\"position\":1,\"name\":\"Home\",\"item\":\"https:\/\/plinkogame.vip\/fr\/\"},{\"@type\":\"ListItem\",\"position\":2,\"name\":\"Home\"}]},{\"@type\":\"WebSite\",\"@id\":\"https:\/\/plinkogame.vip\/fr\/#website\",\"url\":\"https:\/\/plinkogame.vip\/fr\/\",\"name\":\"FR\",\"description\":\"\",\"potentialAction\":[{\"@type\":\"SearchAction\",\"target\":{\"@type\":\"EntryPoint\",\"urlTemplate\":\"https:\/\/plinkogame.vip\/fr\/?s={search_term_string}\"},\"query-input\":{\"@type\":\"PropertyValueSpecification\",\"valueRequired\":true,\"valueName\":\"search_term_string\"}}],\"inLanguage\":\"fr-FR\"}]}<\/script>\n<!-- \/ Yoast SEO plugin. -->","yoast_head_json":{"title":"Jeu Plinko Jouez en Ligne Gratuit","robots":{"index":"index","follow":"follow","max-snippet":"max-snippet:-1","max-image-preview":"max-image-preview:large","max-video-preview":"max-video-preview:-1"},"canonical":"https:\/\/plinkogame.vip\/fr\/","og_locale":"fr_FR","og_type":"article","og_title":"Jeu Plinko Jouez en Ligne Gratuit","og_description":"Jeu Plinko Plinko a commenc\u00e9 comme un jeu dans une \u00e9mission de t\u00e9l\u00e9vision et est devenu quelque chose de plus qu&rsquo;un simple divertissement. Il a conquis le c\u0153ur des t\u00e9l\u00e9spectateurs et a ensuite trouv\u00e9 sa place dans les jeux de hasard en ligne et les casinos cryptographiques, cr\u00e9ant une toute nouvelle fa\u00e7on de jouer et [&hellip;]","og_url":"https:\/\/plinkogame.vip\/fr\/","og_site_name":"FR","article_modified_time":"2024-12-01T23:27:00+00:00","og_image":[{"width":250,"height":56,"url":"https:\/\/plinkogame.vip\/fr\/wp-content\/uploads\/sites\/3\/2024\/11\/1xbet-logo.webp","type":"image\/webp"}],"twitter_card":"summary_large_image","twitter_misc":{"Dur\u00e9e de lecture estim\u00e9e":"8 minutes"},"schema":{"@context":"https:\/\/schema.org","@graph":[{"@type":"WebPage","@id":"https:\/\/plinkogame.vip\/fr\/","url":"https:\/\/plinkogame.vip\/fr\/","name":"Jeu Plinko Jouez en Ligne Gratuit","isPartOf":{"@id":"https:\/\/plinkogame.vip\/fr\/#website"},"primaryImageOfPage":{"@id":"https:\/\/plinkogame.vip\/fr\/#primaryimage"},"image":{"@id":"https:\/\/plinkogame.vip\/fr\/#primaryimage"},"thumbnailUrl":"https:\/\/plinkogame.vip\/fr\/wp-content\/uploads\/sites\/3\/2024\/11\/1xbet-logo.webp","datePublished":"2024-11-26T06:38:28+00:00","dateModified":"2024-12-01T23:27:00+00:00","breadcrumb":{"@id":"https:\/\/plinkogame.vip\/fr\/#breadcrumb"},"inLanguage":"fr-FR","potentialAction":[{"@type":"ReadAction","target":["https:\/\/plinkogame.vip\/fr\/"]}]},{"@type":"ImageObject","inLanguage":"fr-FR","@id":"https:\/\/plinkogame.vip\/fr\/#primaryimage","url":"https:\/\/plinkogame.vip\/fr\/wp-content\/uploads\/sites\/3\/2024\/11\/1xbet-logo.webp","contentUrl":"https:\/\/plinkogame.vip\/fr\/wp-content\/uploads\/sites\/3\/2024\/11\/1xbet-logo.webp","width":250,"height":56},{"@type":"BreadcrumbList","@id":"https:\/\/plinkogame.vip\/fr\/#breadcrumb","itemListElement":[{"@type":"ListItem","position":1,"name":"Home","item":"https:\/\/plinkogame.vip\/fr\/"},{"@type":"ListItem","position":2,"name":"Home"}]},{"@type":"WebSite","@id":"https:\/\/plinkogame.vip\/fr\/#website","url":"https:\/\/plinkogame.vip\/fr\/","name":"FR","description":"","potentialAction":[{"@type":"SearchAction","target":{"@type":"EntryPoint","urlTemplate":"https:\/\/plinkogame.vip\/fr\/?s={search_term_string}"},"query-input":{"@type":"PropertyValueSpecification","valueRequired":true,"valueName":"search_term_string"}}],"inLanguage":"fr-FR"}]}},"_links":{"self":[{"href":"https:\/\/plinkogame.vip\/fr\/wp-json\/wp\/v2\/pages\/7","targetHints":{"allow":["GET"]}}],"collection":[{"href":"https:\/\/plinkogame.vip\/fr\/wp-json\/wp\/v2\/pages"}],"about":[{"href":"https:\/\/plinkogame.vip\/fr\/wp-json\/wp\/v2\/types\/page"}],"author":[{"embeddable":true,"href":"https:\/\/plinkogame.vip\/fr\/wp-json\/wp\/v2\/users\/1"}],"replies":[{"embeddable":true,"href":"https:\/\/plinkogame.vip\/fr\/wp-json\/wp\/v2\/comments?post=7"}],"version-history":[{"count":17,"href":"https:\/\/plinkogame.vip\/fr\/wp-json\/wp\/v2\/pages\/7\/revisions"}],"predecessor-version":[{"id":99,"href":"https:\/\/plinkogame.vip\/fr\/wp-json\/wp\/v2\/pages\/7\/revisions\/99"}],"wp:attachment":[{"href":"https:\/\/plinkogame.vip\/fr\/wp-json\/wp\/v2\/media?parent=7"}],"curies":[{"name":"wp","href":"https:\/\/api.w.org\/{rel}","templated":true}]}}